{"id":5673,"date":"2024-10-30T15:40:36","date_gmt":"2024-10-30T18:40:36","guid":{"rendered":"https:\/\/www.abcimaging.org\/?page_id=5673"},"modified":"2024-10-30T16:46:14","modified_gmt":"2024-10-30T19:46:14","slug":"premio-sbc","status":"publish","type":"page","link":"https:\/\/www.abcimaging.org\/pt-br\/premio-sbc\/","title":{"rendered":"Pr\u00eamio SBC"},"content":{"rendered":"<h3><span style=\"font-size: 14pt; color: #800000;\"><strong>Veja os ganhadores do Pr\u00eamio SBC de Publica\u00e7\u00e3o Cient\u00edfica &#8211; 2023<\/strong><\/span><\/h3>\n<p><span style=\"font-size: 14pt;\"><a href=\"https:\/\/www.abcimaging.org\/pt-br\/premio-sbc\/premio-sbc-de-publicacao-cientifica-2023-e-realizado-no-79o-congresso-brasileiro-de-cardiologia\/\" target=\"_blank\" rel=\"noopener noreferrer\"><button class=\"btn btn-info btn-info--transparent\">Clique aqui<\/button><\/a>\u00a0<\/span><\/p>\n<hr \/>\n<h3><span style=\"font-size: 14pt; color: #800000;\"><strong>Confira as fotos das \u00faltimas edi\u00e7\u00f5es<\/strong><\/span><\/h3>\n<p><a href=\"https:\/\/www.abcimaging.org\/pt-br\/premio-sbc-2021-2022\/\"><span style=\"font-size: 14pt;\">Veja os ganhadores e as fotos da entrega do Pr\u00eamio SBC &#8211; 2021\/2022<\/span><\/a><\/p>\n","protected":false},"excerpt":{"rendered":"<p>Veja os ganhadores do Pr\u00eamio SBC de Publica\u00e7\u00e3o Cient\u00edfica &#8211; 2023 Clique aqui\u00a0 Confira as fotos das \u00faltimas edi\u00e7\u00f5es Veja os ganhadores e as fotos da entrega do Pr\u00eamio SBC &#8211; 2021\/2022<\/p>\n","protected":false},"author":3,"featured_media":0,"parent":0,"menu_order":0,"comment_status":"closed","ping_status":"closed","template":"","meta":{"footnotes":""},"class_list":["post-5673","page","type-page","status-publish","hentry"],"yoast_head":"<!-- This site is optimized with the Yoast SEO plugin v27.2 - https:\/\/yoast.com\/product\/yoast-seo-wordpress\/ -->\n<title>Pr\u00eamio SBC - ABC Imaging<\/title>\n<meta name=\"robots\" content=\"index, follow, max-snippet:-1, max-image-preview:large, max-video-preview:-1\" \/>\n<link rel=\"canonical\" href=\"https:\/\/www.abcimaging.org\/pt-br\/premio-sbc\/\" \/>\n<meta property=\"og:locale\" content=\"pt_BR\" \/>\n<meta property=\"og:type\" content=\"article\" \/>\n<meta property=\"og:title\" content=\"Pr\u00eamio SBC - ABC Imaging\" \/>\n<meta property=\"og:description\" content=\"Veja os ganhadores do Pr\u00eamio SBC de Publica\u00e7\u00e3o Cient\u00edfica &#8211; 2023 Clique aqui\u00a0 Confira as fotos das \u00faltimas edi\u00e7\u00f5es Veja os ganhadores e as fotos da entrega do Pr\u00eamio SBC &#8211; 2021\/2022\" \/>\n<meta property=\"og:url\" content=\"https:\/\/www.abcimaging.org\/pt-br\/premio-sbc\/\" \/>\n<meta property=\"og:site_name\" content=\"ABC Imaging\" \/>\n<meta property=\"article:publisher\" content=\"https:\/\/www.facebook.com\/DICSBC\" \/>\n<meta property=\"article:modified_time\" content=\"2024-10-30T19:46:14+00:00\" \/>\n<meta name=\"twitter:card\" content=\"summary_large_image\" \/>\n<meta name=\"twitter:site\" content=\"@DICSBC\" \/>\n<meta name=\"twitter:label1\" content=\"Est. tempo de leitura\" \/>\n\t<meta name=\"twitter:data1\" content=\"1 minuto\" \/>\n<script type=\"application\/ld+json\" class=\"yoast-schema-graph\">{\"@context\":\"https:\/\/schema.org\",\"@graph\":[{\"@type\":\"WebPage\",\"@id\":\"https:\/\/www.abcimaging.org\/pt-br\/premio-sbc\/\",\"url\":\"https:\/\/www.abcimaging.org\/pt-br\/premio-sbc\/\",\"name\":\"Pr\u00eamio SBC - ABC Imaging\",\"isPartOf\":{\"@id\":\"https:\/\/www.abcimaging.org\/pt-br\/#website\"},\"datePublished\":\"2024-10-30T18:40:36+00:00\",\"dateModified\":\"2024-10-30T19:46:14+00:00\",\"breadcrumb\":{\"@id\":\"https:\/\/www.abcimaging.org\/pt-br\/premio-sbc\/#breadcrumb\"},\"inLanguage\":\"pt-BR\",\"potentialAction\":[{\"@type\":\"ReadAction\",\"target\":[\"https:\/\/www.abcimaging.org\/pt-br\/premio-sbc\/\"]}]},{\"@type\":\"BreadcrumbList\",\"@id\":\"https:\/\/www.abcimaging.org\/pt-br\/premio-sbc\/#breadcrumb\",\"itemListElement\":[{\"@type\":\"ListItem\",\"position\":1,\"name\":\"Home\",\"item\":\"https:\/\/www.abcimaging.org\/pt-br\/\"},{\"@type\":\"ListItem\",\"position\":2,\"name\":\"Pr\u00eamio SBC\"}]},{\"@type\":\"WebSite\",\"@id\":\"https:\/\/www.abcimaging.org\/pt-br\/#website\",\"url\":\"https:\/\/www.abcimaging.org\/pt-br\/\",\"name\":\"ABC Imaging\",\"description\":\"Uma publica\u00e7\u00e3o do &lt;a href=&quot;https:\/\/dicsbc.com.br&quot;&gt;Departamento de Imagem Cardiovascular&lt;\/a&gt; da &lt;a href=&quot;https:\/\/www.portal.cardiol.br\/&quot;&gt;Sociedade Brasileira de Cardiologia&lt;\/a&gt;\",\"publisher\":{\"@id\":\"https:\/\/www.abcimaging.org\/pt-br\/#organization\"},\"potentialAction\":[{\"@type\":\"SearchAction\",\"target\":{\"@type\":\"EntryPoint\",\"urlTemplate\":\"https:\/\/www.abcimaging.org\/pt-br\/?s={search_term_string}\"},\"query-input\":{\"@type\":\"PropertyValueSpecification\",\"valueRequired\":true,\"valueName\":\"search_term_string\"}}],\"inLanguage\":\"pt-BR\"},{\"@type\":\"Organization\",\"@id\":\"https:\/\/www.abcimaging.org\/pt-br\/#organization\",\"name\":\"ABC Imagem Cardiovascular\",\"url\":\"https:\/\/www.abcimaging.org\/pt-br\/\",\"logo\":{\"@type\":\"ImageObject\",\"inLanguage\":\"pt-BR\",\"@id\":\"https:\/\/www.abcimaging.org\/pt-br\/#\/schema\/logo\/image\/\",\"url\":\"https:\/\/www.abcimaging.org\/wp-content\/uploads\/2021\/12\/logo-header.jpg\",\"contentUrl\":\"https:\/\/www.abcimaging.org\/wp-content\/uploads\/2021\/12\/logo-header.jpg\",\"width\":940,\"height\":200,\"caption\":\"ABC Imagem Cardiovascular\"},\"image\":{\"@id\":\"https:\/\/www.abcimaging.org\/pt-br\/#\/schema\/logo\/image\/\"},\"sameAs\":[\"https:\/\/www.facebook.com\/DICSBC\",\"https:\/\/x.com\/DICSBC\",\"https:\/\/www.instagram.com\/dicsbc\/\",\"https:\/\/www.youtube.com\/user\/dicsbc\"]}]}<\/script>\n<!-- \/ Yoast SEO plugin. -->","yoast_head_json":{"title":"Pr\u00eamio SBC - ABC Imaging","robots":{"index":"index","follow":"follow","max-snippet":"max-snippet:-1","max-image-preview":"max-image-preview:large","max-video-preview":"max-video-preview:-1"},"canonical":"https:\/\/www.abcimaging.org\/pt-br\/premio-sbc\/","og_locale":"pt_BR","og_type":"article","og_title":"Pr\u00eamio SBC - ABC Imaging","og_description":"Veja os ganhadores do Pr\u00eamio SBC de Publica\u00e7\u00e3o Cient\u00edfica &#8211; 2023 Clique aqui\u00a0 Confira as fotos das \u00faltimas edi\u00e7\u00f5es Veja os ganhadores e as fotos da entrega do Pr\u00eamio SBC &#8211; 2021\/2022","og_url":"https:\/\/www.abcimaging.org\/pt-br\/premio-sbc\/","og_site_name":"ABC Imaging","article_publisher":"https:\/\/www.facebook.com\/DICSBC","article_modified_time":"2024-10-30T19:46:14+00:00","twitter_card":"summary_large_image","twitter_site":"@DICSBC","twitter_misc":{"Est. tempo de leitura":"1 minuto"},"schema":{"@context":"https:\/\/schema.org","@graph":[{"@type":"WebPage","@id":"https:\/\/www.abcimaging.org\/pt-br\/premio-sbc\/","url":"https:\/\/www.abcimaging.org\/pt-br\/premio-sbc\/","name":"Pr\u00eamio SBC - ABC Imaging","isPartOf":{"@id":"https:\/\/www.abcimaging.org\/pt-br\/#website"},"datePublished":"2024-10-30T18:40:36+00:00","dateModified":"2024-10-30T19:46:14+00:00","breadcrumb":{"@id":"https:\/\/www.abcimaging.org\/pt-br\/premio-sbc\/#breadcrumb"},"inLanguage":"pt-BR","potentialAction":[{"@type":"ReadAction","target":["https:\/\/www.abcimaging.org\/pt-br\/premio-sbc\/"]}]},{"@type":"BreadcrumbList","@id":"https:\/\/www.abcimaging.org\/pt-br\/premio-sbc\/#breadcrumb","itemListElement":[{"@type":"ListItem","position":1,"name":"Home","item":"https:\/\/www.abcimaging.org\/pt-br\/"},{"@type":"ListItem","position":2,"name":"Pr\u00eamio SBC"}]},{"@type":"WebSite","@id":"https:\/\/www.abcimaging.org\/pt-br\/#website","url":"https:\/\/www.abcimaging.org\/pt-br\/","name":"ABC Imaging","description":"Uma publica\u00e7\u00e3o do &lt;a href=&quot;https:\/\/dicsbc.com.br&quot;&gt;Departamento de Imagem Cardiovascular&lt;\/a&gt; da &lt;a href=&quot;https:\/\/www.portal.cardiol.br\/&quot;&gt;Sociedade Brasileira de Cardiologia&lt;\/a&gt;","publisher":{"@id":"https:\/\/www.abcimaging.org\/pt-br\/#organization"},"potentialAction":[{"@type":"SearchAction","target":{"@type":"EntryPoint","urlTemplate":"https:\/\/www.abcimaging.org\/pt-br\/?s={search_term_string}"},"query-input":{"@type":"PropertyValueSpecification","valueRequired":true,"valueName":"search_term_string"}}],"inLanguage":"pt-BR"},{"@type":"Organization","@id":"https:\/\/www.abcimaging.org\/pt-br\/#organization","name":"ABC Imagem Cardiovascular","url":"https:\/\/www.abcimaging.org\/pt-br\/","logo":{"@type":"ImageObject","inLanguage":"pt-BR","@id":"https:\/\/www.abcimaging.org\/pt-br\/#\/schema\/logo\/image\/","url":"https:\/\/www.abcimaging.org\/wp-content\/uploads\/2021\/12\/logo-header.jpg","contentUrl":"https:\/\/www.abcimaging.org\/wp-content\/uploads\/2021\/12\/logo-header.jpg","width":940,"height":200,"caption":"ABC Imagem Cardiovascular"},"image":{"@id":"https:\/\/www.abcimaging.org\/pt-br\/#\/schema\/logo\/image\/"},"sameAs":["https:\/\/www.facebook.com\/DICSBC","https:\/\/x.com\/DICSBC","https:\/\/www.instagram.com\/dicsbc\/","https:\/\/www.youtube.com\/user\/dicsbc"]}]}},"_links":{"self":[{"href":"https:\/\/www.abcimaging.org\/pt-br\/wp-json\/wp\/v2\/pages\/5673","targetHints":{"allow":["GET"]}}],"collection":[{"href":"https:\/\/www.abcimaging.org\/pt-br\/wp-json\/wp\/v2\/pages"}],"about":[{"href":"https:\/\/www.abcimaging.org\/pt-br\/wp-json\/wp\/v2\/types\/page"}],"author":[{"embeddable":true,"href":"https:\/\/www.abcimaging.org\/pt-br\/wp-json\/wp\/v2\/users\/3"}],"replies":[{"embeddable":true,"href":"https:\/\/www.abcimaging.org\/pt-br\/wp-json\/wp\/v2\/comments?post=5673"}],"version-history":[{"count":2,"href":"https:\/\/www.abcimaging.org\/pt-br\/wp-json\/wp\/v2\/pages\/5673\/revisions"}],"predecessor-version":[{"id":5703,"href":"https:\/\/www.abcimaging.org\/pt-br\/wp-json\/wp\/v2\/pages\/5673\/revisions\/5703"}],"wp:attachment":[{"href":"https:\/\/www.abcimaging.org\/pt-br\/wp-json\/wp\/v2\/media?parent=5673"}],"curies":[{"name":"wp","href":"https:\/\/api.w.org\/{rel}","templated":true}]}}