{"id":1559,"date":"2019-11-25T16:20:15","date_gmt":"2019-11-25T18:20:15","guid":{"rendered":"http:\/\/localhost\/wp-sbc\/?page_id=1559"},"modified":"2025-07-21T11:25:33","modified_gmt":"2025-07-21T14:25:33","slug":"sobre-a-revista","status":"publish","type":"page","link":"https:\/\/www.abcimaging.org\/pt-br\/sobre-a-revista\/","title":{"rendered":"Sobre a Revista"},"content":{"rendered":"<h2><span style=\"font-size: 14pt;\"><strong>BREVE HIST\u00d3RICO<\/strong><\/span><\/h2>\n<p><span style=\"font-size: 14pt;\">Criada em 2013, a revista Arquivos Brasileiros de Cardiologia Imagem Cardiovascular (ABC Imagem Cardiovascular) \u00e9 o \u00f3rg\u00e3o oficial de divulga\u00e7\u00e3o do Departamento de Imagem Cardiovascular da Sociedade Brasileira de Cardiologia e sucede a antiga Revista Brasileira de Ecocardiografia.<\/span><\/p>\n<p>&nbsp;<\/p>\n<h2><span style=\"font-size: 14pt;\"><strong>CONFORMIDADE COM A CI\u00caNCIA ABERTA <\/strong><\/span><\/h2>\n<p><span style=\"font-size: 14pt;\">Este peri\u00f3dico segue o modelo open <em>Science Gold<\/em>.<\/span><\/p>\n<p>&nbsp;<\/p>\n<h2><strong><span style=\"font-size: 14pt;\">MISS\u00c3O<\/span><\/strong><\/h2>\n<p><span style=\"font-size: 14pt;\">A revista tem como objetivo publicar material de alta qualidade, tanto cient\u00edfico quanto cl\u00ednico, de todas as \u00e1reas da imagem cardiovascular, incluindo ecocardiografia, resson\u00e2ncia magn\u00e9tica, tomografia computadorizada e medicina nuclear. S\u00e3o considerados para publica\u00e7\u00e3o os seguintes tipos de artigos: artigos de pesquisa original, revis\u00f5es sistem\u00e1ticas e metan\u00e1lises, imagens cardiovasculares, relatos de caso, revis\u00f5es, pontos de vista, comunica\u00e7\u00f5es breves, editoriais, mini editoriais, cartas ao editor e artigos especiais.<\/span><\/p>\n<p>&nbsp;<\/p>\n<h2><span style=\"font-size: 14pt;\"><strong>\u00c9TICA NA PUBLICA\u00c7\u00c3O<\/strong><\/span><\/h2>\n<p><span style=\"font-size: 14pt;\">A ABC Imagem Cardiovascular segue as normas e recomenda\u00e7\u00f5es de padr\u00f5es de \u00e9tica e responsabilidade na comunica\u00e7\u00e3o cient\u00edfica estabelecidas pelas seguintes institui\u00e7\u00f5es nacionais e internacionais: Committee on Publication Ethics (COPE), Council of Science Editors (CSE), Equator Network, International Committee of Medical Journal Editors (ICMJE), e o Guia de Boas Pr\u00e1ticas para o Fortalecimento da \u00c9tica na Publica\u00e7\u00e3o Cient\u00edfica do SciELO.<\/span><\/p>\n<p><span style=\"font-size: 14pt;\">Consulte a <a href=\"https:\/\/www.abcimaging.org\/pt-br\/politica-de-etica\">Pol\u00edtica de \u00c9tica<\/a> publicada no site do peri\u00f3dico.<\/span><\/p>\n<p>&nbsp;<\/p>\n<h2><span style=\"font-size: 14pt;\"><strong>PRESERVA\u00c7\u00c3O DIGITAL<\/strong><\/span><\/h2>\n<p><span style=\"font-size: 14pt;\">Este peri\u00f3dico segue os padr\u00f5es definidos no programa de <a href=\"https:\/\/www.scielo.org\/pt\/sobre-o-scielo\/preservacao-digital\/\">Pol\u00edtica de Preserva\u00e7\u00e3o Digital do Programa SciELO<\/a>.<\/span><\/p>\n<p>&nbsp;<\/p>\n<h2><span style=\"font-size: 14pt;\"><strong>INFORMA\u00c7\u00d5ES<\/strong><\/span><\/h2>\n<p><span style=\"font-size: 14pt;\">T\u00edtulo do peri\u00f3dico: Arquivos Brasileiros de Cardiologia Imagem Cardiovascular, conforme registro do ISSN: 2675-312x (vers\u00e3o on-line)<\/span><\/p>\n<p><span style=\"font-size: 14pt;\">T\u00edtulo abreviado: Arq Bras Cardiol:imagem cardiovasc, conforme registro do ISSN<\/span><\/p>\n<p><span style=\"font-size: 14pt;\">Indexa\u00e7\u00e3o: Lilacs,\u00a0Latindex e\u00a0DOAJ<\/span><\/p>\n<p><span style=\"font-size: 14pt;\">Publica\u00e7\u00e3o do Departamento de Imagem Cardiovascular da Sociedade Brasileira de Cardiologia<\/span><\/p>\n<p><span style=\"font-size: 14pt;\">Periodicidade: Trimestral (4 n\u00fameros por ano)<\/span><\/p>\n<p><span style=\"font-size: 14pt;\">Modalidade de publica\u00e7\u00e3o: Publica\u00e7\u00e3o Cont\u00ednua<\/span><\/p>\n<p><span style=\"font-size: 14pt;\">Ano de cria\u00e7\u00e3o do peri\u00f3dico: 2013<\/span><\/p>\n<p>&nbsp;<\/p>\n<h5><span style=\"font-size: 14pt;\">Contato<\/span><\/h5>\n<p><span style=\"font-size: 14pt;\">Equipe Editorial: Ger\u00eancia Cient\u00edfica \u2013 Setor de Publica\u00e7\u00f5es<\/span><\/p>\n<p><span style=\"font-size: 14pt;\">E-mail: <a href=\"mailto:abcimaging@cardiol.br\">abcimaging@cardiol.br<\/a><\/span><\/p>\n<p><span style=\"font-size: 14pt;\">Telefone: 55 (21) 34782700 \/ 993863961<\/span><\/p>\n<p><span style=\"font-size: 14pt;\">Departamento de Imagem Cardiovascular Sociedade Brasileira de Cardiologia \u2013\u00a0Rua Barata Ribeiro, 380, \u00adcj 54 \u00ad\u2013 Bela Vista, CEP: 01308\u00ad000 \u2013 S\u00e3o Paulo, SP, \u00adBrasil \u2013 Telefone: 55 (11) 3120\u00ad3363 \u2013E-mail: <a href=\"dic@cardiol.br\">dic@cardiol.br<\/a><\/span><\/p>\n<p><span style=\"font-size: 14pt;\">Produ\u00e7\u00e3o: Sociedade Brasileira de Cardiologia<\/span><\/p>\n<p>&nbsp;<\/p>\n<p><span style=\"font-size: 14pt;\"><img loading=\"lazy\" decoding=\"async\" class=\"alignnone size-medium\" src=\"https:\/\/www.abcimaging.org\/wp-content\/themes\/spacious-child\/assets\/img\/footer\/creative-commons.jpg\" width=\"89\" height=\"32\" \/><\/span><\/p>\n<p><span style=\"font-size: 14pt;\"><a href=\"https:\/\/creativecommons.org\/licenses\/by\/4.0\/deed.pt-br\">Licen\u00e7a Creative Commons Atribui\u00e7\u00e3o 4.0 Internacional \u2013 CC BY<\/a><\/span><\/p>\n","protected":false},"excerpt":{"rendered":"<p>BREVE HIST\u00d3RICO Criada em 2013, a revista Arquivos Brasileiros de Cardiologia Imagem Cardiovascular (ABC Imagem Cardiovascular) \u00e9 o \u00f3rg\u00e3o oficial de divulga\u00e7\u00e3o do Departamento de Imagem Cardiovascular da Sociedade Brasileira de Cardiologia e sucede a antiga Revista Brasileira de Ecocardiografia. &nbsp; CONFORMIDADE COM A CI\u00caNCIA ABERTA Este peri\u00f3dico segue o modelo open Science Gold. &nbsp; MISS\u00c3O A revista tem como objetivo publicar material de alta qualidade, tanto cient\u00edfico quanto cl\u00ednico, de todas as \u00e1reas da imagem cardiovascular, incluindo ecocardiografia, resson\u00e2ncia [&#8230;]<\/p>\n","protected":false},"author":1,"featured_media":0,"parent":0,"menu_order":0,"comment_status":"closed","ping_status":"closed","template":"","meta":{"footnotes":""},"class_list":["post-1559","page","type-page","status-publish","hentry"],"yoast_head":"<!-- This site is optimized with the Yoast SEO plugin v27.2 - https:\/\/yoast.com\/product\/yoast-seo-wordpress\/ -->\n<title>Sobre a Revista - ABC Imaging<\/title>\n<meta name=\"robots\" content=\"index, follow, max-snippet:-1, max-image-preview:large, max-video-preview:-1\" \/>\n<link rel=\"canonical\" href=\"https:\/\/www.abcimaging.org\/pt-br\/sobre-a-revista\/\" \/>\n<meta property=\"og:locale\" content=\"pt_BR\" \/>\n<meta property=\"og:type\" content=\"article\" \/>\n<meta property=\"og:title\" content=\"Sobre a Revista - ABC Imaging\" \/>\n<meta property=\"og:description\" content=\"BREVE HIST\u00d3RICO Criada em 2013, a revista Arquivos Brasileiros de Cardiologia Imagem Cardiovascular (ABC Imagem Cardiovascular) \u00e9 o \u00f3rg\u00e3o oficial de divulga\u00e7\u00e3o do Departamento de Imagem Cardiovascular da Sociedade Brasileira de Cardiologia e sucede a antiga Revista Brasileira de Ecocardiografia. &nbsp; CONFORMIDADE COM A CI\u00caNCIA ABERTA Este peri\u00f3dico segue o modelo open Science Gold. &nbsp; MISS\u00c3O A revista tem como objetivo publicar material de alta qualidade, tanto cient\u00edfico quanto cl\u00ednico, de todas as \u00e1reas da imagem cardiovascular, incluindo ecocardiografia, resson\u00e2ncia [...]\" \/>\n<meta property=\"og:url\" content=\"https:\/\/www.abcimaging.org\/pt-br\/sobre-a-revista\/\" \/>\n<meta property=\"og:site_name\" content=\"ABC Imaging\" \/>\n<meta property=\"article:publisher\" content=\"https:\/\/www.facebook.com\/DICSBC\" \/>\n<meta property=\"article:modified_time\" content=\"2025-07-21T14:25:33+00:00\" \/>\n<meta property=\"og:image\" content=\"https:\/\/www.abcimaging.org\/wp-content\/themes\/spacious-child\/assets\/img\/footer\/creative-commons.jpg\" \/>\n<meta name=\"twitter:card\" content=\"summary_large_image\" \/>\n<meta name=\"twitter:site\" content=\"@DICSBC\" \/>\n<meta name=\"twitter:label1\" content=\"Est. tempo de leitura\" \/>\n\t<meta name=\"twitter:data1\" content=\"2 minutos\" \/>\n<script type=\"application\/ld+json\" class=\"yoast-schema-graph\">{\"@context\":\"https:\/\/schema.org\",\"@graph\":[{\"@type\":\"WebPage\",\"@id\":\"https:\/\/www.abcimaging.org\/pt-br\/sobre-a-revista\/\",\"url\":\"https:\/\/www.abcimaging.org\/pt-br\/sobre-a-revista\/\",\"name\":\"Sobre a Revista - ABC Imaging\",\"isPartOf\":{\"@id\":\"https:\/\/www.abcimaging.org\/pt-br\/#website\"},\"primaryImageOfPage\":{\"@id\":\"https:\/\/www.abcimaging.org\/pt-br\/sobre-a-revista\/#primaryimage\"},\"image\":{\"@id\":\"https:\/\/www.abcimaging.org\/pt-br\/sobre-a-revista\/#primaryimage\"},\"thumbnailUrl\":\"https:\/\/www.abcimaging.org\/wp-content\/themes\/spacious-child\/assets\/img\/footer\/creative-commons.jpg\",\"datePublished\":\"2019-11-25T18:20:15+00:00\",\"dateModified\":\"2025-07-21T14:25:33+00:00\",\"breadcrumb\":{\"@id\":\"https:\/\/www.abcimaging.org\/pt-br\/sobre-a-revista\/#breadcrumb\"},\"inLanguage\":\"pt-BR\",\"potentialAction\":[{\"@type\":\"ReadAction\",\"target\":[\"https:\/\/www.abcimaging.org\/pt-br\/sobre-a-revista\/\"]}]},{\"@type\":\"ImageObject\",\"inLanguage\":\"pt-BR\",\"@id\":\"https:\/\/www.abcimaging.org\/pt-br\/sobre-a-revista\/#primaryimage\",\"url\":\"https:\/\/www.abcimaging.org\/wp-content\/themes\/spacious-child\/assets\/img\/footer\/creative-commons.jpg\",\"contentUrl\":\"https:\/\/www.abcimaging.org\/wp-content\/themes\/spacious-child\/assets\/img\/footer\/creative-commons.jpg\"},{\"@type\":\"BreadcrumbList\",\"@id\":\"https:\/\/www.abcimaging.org\/pt-br\/sobre-a-revista\/#breadcrumb\",\"itemListElement\":[{\"@type\":\"ListItem\",\"position\":1,\"name\":\"Home\",\"item\":\"https:\/\/www.abcimaging.org\/pt-br\/\"},{\"@type\":\"ListItem\",\"position\":2,\"name\":\"Sobre a Revista\"}]},{\"@type\":\"WebSite\",\"@id\":\"https:\/\/www.abcimaging.org\/pt-br\/#website\",\"url\":\"https:\/\/www.abcimaging.org\/pt-br\/\",\"name\":\"ABC Imaging\",\"description\":\"Uma publica\u00e7\u00e3o do &lt;a href=&quot;https:\/\/dicsbc.com.br&quot;&gt;Departamento de Imagem Cardiovascular&lt;\/a&gt; da &lt;a href=&quot;https:\/\/www.portal.cardiol.br\/&quot;&gt;Sociedade Brasileira de Cardiologia&lt;\/a&gt;\",\"publisher\":{\"@id\":\"https:\/\/www.abcimaging.org\/pt-br\/#organization\"},\"potentialAction\":[{\"@type\":\"SearchAction\",\"target\":{\"@type\":\"EntryPoint\",\"urlTemplate\":\"https:\/\/www.abcimaging.org\/pt-br\/?s={search_term_string}\"},\"query-input\":{\"@type\":\"PropertyValueSpecification\",\"valueRequired\":true,\"valueName\":\"search_term_string\"}}],\"inLanguage\":\"pt-BR\"},{\"@type\":\"Organization\",\"@id\":\"https:\/\/www.abcimaging.org\/pt-br\/#organization\",\"name\":\"ABC Imagem Cardiovascular\",\"url\":\"https:\/\/www.abcimaging.org\/pt-br\/\",\"logo\":{\"@type\":\"ImageObject\",\"inLanguage\":\"pt-BR\",\"@id\":\"https:\/\/www.abcimaging.org\/pt-br\/#\/schema\/logo\/image\/\",\"url\":\"https:\/\/www.abcimaging.org\/wp-content\/uploads\/2021\/12\/logo-header.jpg\",\"contentUrl\":\"https:\/\/www.abcimaging.org\/wp-content\/uploads\/2021\/12\/logo-header.jpg\",\"width\":940,\"height\":200,\"caption\":\"ABC Imagem Cardiovascular\"},\"image\":{\"@id\":\"https:\/\/www.abcimaging.org\/pt-br\/#\/schema\/logo\/image\/\"},\"sameAs\":[\"https:\/\/www.facebook.com\/DICSBC\",\"https:\/\/x.com\/DICSBC\",\"https:\/\/www.instagram.com\/dicsbc\/\",\"https:\/\/www.youtube.com\/user\/dicsbc\"]}]}<\/script>\n<!-- \/ Yoast SEO plugin. -->","yoast_head_json":{"title":"Sobre a Revista - ABC Imaging","robots":{"index":"index","follow":"follow","max-snippet":"max-snippet:-1","max-image-preview":"max-image-preview:large","max-video-preview":"max-video-preview:-1"},"canonical":"https:\/\/www.abcimaging.org\/pt-br\/sobre-a-revista\/","og_locale":"pt_BR","og_type":"article","og_title":"Sobre a Revista - ABC Imaging","og_description":"BREVE HIST\u00d3RICO Criada em 2013, a revista Arquivos Brasileiros de Cardiologia Imagem Cardiovascular (ABC Imagem Cardiovascular) \u00e9 o \u00f3rg\u00e3o oficial de divulga\u00e7\u00e3o do Departamento de Imagem Cardiovascular da Sociedade Brasileira de Cardiologia e sucede a antiga Revista Brasileira de Ecocardiografia. &nbsp; CONFORMIDADE COM A CI\u00caNCIA ABERTA Este peri\u00f3dico segue o modelo open Science Gold. &nbsp; MISS\u00c3O A revista tem como objetivo publicar material de alta qualidade, tanto cient\u00edfico quanto cl\u00ednico, de todas as \u00e1reas da imagem cardiovascular, incluindo ecocardiografia, resson\u00e2ncia [...]","og_url":"https:\/\/www.abcimaging.org\/pt-br\/sobre-a-revista\/","og_site_name":"ABC Imaging","article_publisher":"https:\/\/www.facebook.com\/DICSBC","article_modified_time":"2025-07-21T14:25:33+00:00","og_image":[{"url":"https:\/\/www.abcimaging.org\/wp-content\/themes\/spacious-child\/assets\/img\/footer\/creative-commons.jpg","type":"","width":"","height":""}],"twitter_card":"summary_large_image","twitter_site":"@DICSBC","twitter_misc":{"Est. tempo de leitura":"2 minutos"},"schema":{"@context":"https:\/\/schema.org","@graph":[{"@type":"WebPage","@id":"https:\/\/www.abcimaging.org\/pt-br\/sobre-a-revista\/","url":"https:\/\/www.abcimaging.org\/pt-br\/sobre-a-revista\/","name":"Sobre a Revista - ABC Imaging","isPartOf":{"@id":"https:\/\/www.abcimaging.org\/pt-br\/#website"},"primaryImageOfPage":{"@id":"https:\/\/www.abcimaging.org\/pt-br\/sobre-a-revista\/#primaryimage"},"image":{"@id":"https:\/\/www.abcimaging.org\/pt-br\/sobre-a-revista\/#primaryimage"},"thumbnailUrl":"https:\/\/www.abcimaging.org\/wp-content\/themes\/spacious-child\/assets\/img\/footer\/creative-commons.jpg","datePublished":"2019-11-25T18:20:15+00:00","dateModified":"2025-07-21T14:25:33+00:00","breadcrumb":{"@id":"https:\/\/www.abcimaging.org\/pt-br\/sobre-a-revista\/#breadcrumb"},"inLanguage":"pt-BR","potentialAction":[{"@type":"ReadAction","target":["https:\/\/www.abcimaging.org\/pt-br\/sobre-a-revista\/"]}]},{"@type":"ImageObject","inLanguage":"pt-BR","@id":"https:\/\/www.abcimaging.org\/pt-br\/sobre-a-revista\/#primaryimage","url":"https:\/\/www.abcimaging.org\/wp-content\/themes\/spacious-child\/assets\/img\/footer\/creative-commons.jpg","contentUrl":"https:\/\/www.abcimaging.org\/wp-content\/themes\/spacious-child\/assets\/img\/footer\/creative-commons.jpg"},{"@type":"BreadcrumbList","@id":"https:\/\/www.abcimaging.org\/pt-br\/sobre-a-revista\/#breadcrumb","itemListElement":[{"@type":"ListItem","position":1,"name":"Home","item":"https:\/\/www.abcimaging.org\/pt-br\/"},{"@type":"ListItem","position":2,"name":"Sobre a Revista"}]},{"@type":"WebSite","@id":"https:\/\/www.abcimaging.org\/pt-br\/#website","url":"https:\/\/www.abcimaging.org\/pt-br\/","name":"ABC Imaging","description":"Uma publica\u00e7\u00e3o do &lt;a href=&quot;https:\/\/dicsbc.com.br&quot;&gt;Departamento de Imagem Cardiovascular&lt;\/a&gt; da &lt;a href=&quot;https:\/\/www.portal.cardiol.br\/&quot;&gt;Sociedade Brasileira de Cardiologia&lt;\/a&gt;","publisher":{"@id":"https:\/\/www.abcimaging.org\/pt-br\/#organization"},"potentialAction":[{"@type":"SearchAction","target":{"@type":"EntryPoint","urlTemplate":"https:\/\/www.abcimaging.org\/pt-br\/?s={search_term_string}"},"query-input":{"@type":"PropertyValueSpecification","valueRequired":true,"valueName":"search_term_string"}}],"inLanguage":"pt-BR"},{"@type":"Organization","@id":"https:\/\/www.abcimaging.org\/pt-br\/#organization","name":"ABC Imagem Cardiovascular","url":"https:\/\/www.abcimaging.org\/pt-br\/","logo":{"@type":"ImageObject","inLanguage":"pt-BR","@id":"https:\/\/www.abcimaging.org\/pt-br\/#\/schema\/logo\/image\/","url":"https:\/\/www.abcimaging.org\/wp-content\/uploads\/2021\/12\/logo-header.jpg","contentUrl":"https:\/\/www.abcimaging.org\/wp-content\/uploads\/2021\/12\/logo-header.jpg","width":940,"height":200,"caption":"ABC Imagem Cardiovascular"},"image":{"@id":"https:\/\/www.abcimaging.org\/pt-br\/#\/schema\/logo\/image\/"},"sameAs":["https:\/\/www.facebook.com\/DICSBC","https:\/\/x.com\/DICSBC","https:\/\/www.instagram.com\/dicsbc\/","https:\/\/www.youtube.com\/user\/dicsbc"]}]}},"_links":{"self":[{"href":"https:\/\/www.abcimaging.org\/pt-br\/wp-json\/wp\/v2\/pages\/1559","targetHints":{"allow":["GET"]}}],"collection":[{"href":"https:\/\/www.abcimaging.org\/pt-br\/wp-json\/wp\/v2\/pages"}],"about":[{"href":"https:\/\/www.abcimaging.org\/pt-br\/wp-json\/wp\/v2\/types\/page"}],"author":[{"embeddable":true,"href":"https:\/\/www.abcimaging.org\/pt-br\/wp-json\/wp\/v2\/users\/1"}],"replies":[{"embeddable":true,"href":"https:\/\/www.abcimaging.org\/pt-br\/wp-json\/wp\/v2\/comments?post=1559"}],"version-history":[{"count":23,"href":"https:\/\/www.abcimaging.org\/pt-br\/wp-json\/wp\/v2\/pages\/1559\/revisions"}],"predecessor-version":[{"id":6236,"href":"https:\/\/www.abcimaging.org\/pt-br\/wp-json\/wp\/v2\/pages\/1559\/revisions\/6236"}],"wp:attachment":[{"href":"https:\/\/www.abcimaging.org\/pt-br\/wp-json\/wp\/v2\/media?parent=1559"}],"curies":[{"name":"wp","href":"https:\/\/api.w.org\/{rel}","templated":true}]}}