{"id":1513,"date":"2019-11-25T15:27:50","date_gmt":"2019-11-25T17:27:50","guid":{"rendered":"http:\/\/localhost\/wp-sbc\/?page_id=1513"},"modified":"2025-05-16T14:12:40","modified_gmt":"2025-05-16T17:12:40","slug":"politica-editorial","status":"publish","type":"page","link":"https:\/\/www.abcimaging.org\/pt-br\/politica-editorial\/","title":{"rendered":"Pol\u00edtica Editorial"},"content":{"rendered":"<p><span style=\"font-size: 14pt;\"><strong>PREPRINTS<\/strong><\/span><\/p>\n<p><span style=\"font-size: 14pt;\">A ABC Imagem Cardiovascular aceita manuscritos publicados em plataformas preprint, sendo necess\u00e1rio, no ato da submiss\u00e3o, informar o servidor e o link de publica\u00e7\u00e3o do preprint. Caso o autor de um manuscrito que esteja em peer review na ABC Imagem Cardiovascular queira deposit\u00e1-lo em um servidor preprint, deve informar o peri\u00f3dico por meio do e-mail: <a href=\"mailto:abcimaging@cardiol.br\">abcimaging@cardiol.br<\/a>.<\/span><\/p>\n<p><span style=\"font-size: 14pt;\">Acesse as <a href=\"https:\/\/www.abcimaging.org\/pt-br\/normas-de-publicacao\/\"><u>Instru\u00e7\u00f5es aos Autores<\/u><\/a> para mais detalhes.<\/span><\/p>\n<p>&nbsp;<\/p>\n<p><span style=\"font-size: 14pt;\"><strong>PROCESSO DE AVALIA\u00c7\u00c3O POR PARES<\/strong><\/span><\/p>\n<p><span style=\"font-size: 14pt;\">A ABC Imagem Cardiovascular usa o sistema duplo-cego de revis\u00e3o por pares, o que significa que os revisores do artigo n\u00e3o ter\u00e3o acesso \u00e0 identidade do(s) autor(es) e o(s) autor(es) n\u00e3o ter\u00e1(\u00e3o) acesso \u00e0 identidade do revisor. O fluxo de an\u00e1lise, prazos e tipos de decis\u00e3o est\u00e3o descritos nas <a href=\"https:\/\/www.abcimaging.org\/pt-br\/normas-de-publicacao\/\"><u>Instru\u00e7\u00f5es aos Autores<\/u><\/a>.<\/span><\/p>\n<p><span style=\"font-size: 14pt;\">A vers\u00e3o final do artigo, publicada no peri\u00f3dico, cont\u00e9m o nome do editor respons\u00e1vel pela avalia\u00e7\u00e3o (peer review).<\/span><\/p>\n<p>&nbsp;<\/p>\n<p><span style=\"font-size: 14pt;\"><strong>DADOS ABERTOS<\/strong><\/span><\/p>\n<p><span style=\"font-size: 14pt;\">Autores s\u00e3o encorajados a disponibilizar todos os conte\u00fados (dados, c\u00f3digos de programa e outros materiais) subjacentes ao texto do manuscrito anteriormente ou no momento da publica\u00e7\u00e3o. Exce\u00e7\u00f5es s\u00e3o permitidas em casos de quest\u00f5es legais e \u00e9ticas. O objetivo \u00e9 facilitar a avalia\u00e7\u00e3o do manuscrito e, se aprovado, contribuir para a preserva\u00e7\u00e3o e reuso dos conte\u00fados e a reprodutibilidade das pesquisas.<\/span><\/p>\n<p><span style=\"font-size: 14pt;\">O autor dever\u00e1 declarar de que forma os dados ser\u00e3o disponibilizados. Consultar as <a href=\"https:\/\/www.abcimaging.org\/pt-br\/normas-de-publicacao\/\"><u>Instru\u00e7\u00f5es aos Autores<\/u><\/a> para mais detalhes.<\/span><\/p>\n<p>&nbsp;<\/p>\n<p><span style=\"font-size: 14pt;\"><strong>INTELIG\u00caNCIA ARTIFICIAL<\/strong><\/span><\/p>\n<p><span style=\"font-size: 14pt;\">Os autores devem declarar o uso de IA generativa na reda\u00e7\u00e3o cient\u00edfica no momento da submiss\u00e3o do artigo. Na <a href=\"https:\/\/www.abcimaging.org\/pt-br\/politica-de-etica\/\"><u>Pol\u00edtica de \u00c9tica<\/u><\/a>, publicada no site do peri\u00f3dico, est\u00e3o descritos os deveres dos autores, revisores, editores e editora, com detalhamento para o uso de IA generativa. Acesse as <a href=\"https:\/\/www.abcimaging.org\/pt-br\/normas-de-publicacao\/\"><u>Instru\u00e7\u00f5es aos Autores<\/u><\/a> para mais informa\u00e7\u00f5es sobre como declarar o uso.<\/span><\/p>\n<p>&nbsp;<\/p>\n<p><span style=\"font-size: 14pt;\"><strong>COBRAN\u00c7A DE TAXAS<\/strong><\/span><\/p>\n<p><span style=\"font-size: 14pt;\">Os autores da ABC Imagem Cardiovascular est\u00e3o isentos de qualquer taxa a seus autores, seja de submiss\u00e3o, tradu\u00e7\u00e3o ou publica\u00e7\u00e3o.<\/span><\/p>\n<h2><span style=\"font-size: 14pt;\"><strong>\u00a0<\/strong><\/span><\/h2>\n<p><span style=\"font-size: 14pt;\"><strong>POL\u00cdTICA DE \u00c9TICA<\/strong><\/span><\/p>\n<p><span style=\"font-size: 14pt;\">Na <u><a href=\"https:\/\/www.abcimaging.org\/pt-br\/politica-de-etica\/\">Pol\u00edtica de \u00c9tica<\/a>,<\/u> est\u00e3o descritos os deveres dos autores, revisores, editores e editora. Em casos de m\u00e1 conduta, o peri\u00f3dico adotar\u00e1 o <a href=\"https:\/\/wp.scielo.org\/wp-content\/uploads\/Guia-de-Boas-Praticas-para-o-Fortalecimento-da-Etica-na-Publicacao-Cientifica.pdf\">Guia de Boas Pr\u00e1ticas para o Fortalecimento da \u00c9tica na Publica\u00e7\u00e3o Cient\u00edfica<\/a> do SciELO, bem como os guias de registro e publica\u00e7\u00e3o de erratas e retrata\u00e7\u00f5es.<\/span><\/p>\n<p>&nbsp;<\/p>\n<p><span style=\"font-size: 14pt;\"><strong>POL\u00cdTICA SOBRE CONFLITO DE INTERESSES<\/strong><\/span><\/p>\n<p><span style=\"font-size: 14pt;\">O conflito de interesses pode ser de natureza pessoal, comercial, pol\u00edtica, acad\u00eamica ou financeira. Conflitos de interesses podem ocorrer quando autores, revisores ou editores possuem interesses que podem influenciar na elabora\u00e7\u00e3o ou avalia\u00e7\u00e3o de manuscritos. Ao submeter o manuscrito, os autores s\u00e3o respons\u00e1veis por reconhecer e revelar conflitos financeiros ou de outra natureza que possam ter influenciado o trabalho. Caso haja, ainda que potencialmente, conflito de interesse, o(s) autor(es) deve(m) inform\u00e1-lo. Ver <a href=\"https:\/\/www.abcimaging.org\/pt-br\/normas-de-publicacao\/\">Instru\u00e7\u00f5es aos Autores<\/a> para declara\u00e7\u00e3o.<\/span><\/p>\n<p>&nbsp;<\/p>\n<p><span style=\"font-size: 14pt;\"><strong> ADO\u00c7\u00c3O DE SOFTWARES DE VERIFICA\u00c7\u00c3O DE SIMILARIDADE<\/strong><\/span><\/p>\n<p><span style=\"font-size: 14pt;\">A ABC Imagem Cardiovascular utiliza o software iThenticate para verificar a originalidade do conte\u00fado enviado antes da publica\u00e7\u00e3o. Todos os manuscritos s\u00e3o checados antes da decis\u00e3o final.<\/span><\/p>\n<p>&nbsp;<\/p>\n<p><strong><span style=\"font-size: 14pt;\">QUEST\u00d5ES DE SEXO E G\u00caNERO <\/span><\/strong><\/p>\n<p><span style=\"font-size: 14pt;\">O corpo editorial da ABC Imagem Cardiovascular, al\u00e9m dos autores que publicam na revista, s\u00e3o orientados a sempre observar as diretrizes sobre Equidade de Sexo e G\u00eanero em Pesquisa (<u><a href=\"https:\/\/www.equator-network.org\/reporting-guidelines\/sager-guidelines\/\">Sex and Gender Equity in Research \u2013 SAGER<\/a><\/u>). As diretrizes SAGER compreendem um conjunto de diretrizes que orientam o relato de informa\u00e7\u00f5es sobre sexo e g\u00eanero no desenho do estudo, na an\u00e1lise de dados e nos resultados e interpreta\u00e7\u00e3o dos achados. Al\u00e9m disso, a ABC Imagem Cardiovascular observa a pol\u00edtica de equidade de g\u00eanero na forma\u00e7\u00e3o de seu corpo editorial.<\/span><\/p>\n<p>&nbsp;<\/p>\n<p><span style=\"font-size: 14pt;\"><strong> FERRAMENTAS DE ACESSIBILIDADE\u00a0<\/strong><\/span><\/p>\n<p><span style=\"font-size: 14pt;\">O site da revista ABC Imagem Cardiovascular foi projetado com um compromisso firme com a acessibilidade, garantindo que todas as pessoas, independentemente de suas habilidades, possam acessar e aproveitar o conte\u00fado oferecido. Aqui est\u00e3o algumas das principais ferramentas e recursos de acessibilidade dispon\u00edveis:<\/span><\/p>\n<ul>\n<li><span style=\"font-size: 14pt;\">Leitor de Tela Compat\u00edvel: O site \u00e9 totalmente com leitores de tela, facilitando a navega\u00e7\u00e3o para pessoas com defici\u00eancia visual.<\/span><\/li>\n<li><span style=\"font-size: 14pt;\">Contraste e Cores Ajust\u00e1veis: Para melhorar a legibilidade para pessoas com baixa vis\u00e3o ou defici\u00eancia de percep\u00e7\u00e3o de cores, o site oferece op\u00e7\u00f5es para ajustar o contraste e escolher esquemas de cores que melhor atendam \u00e0s necessidades individuais.<\/span><\/li>\n<li><span style=\"font-size: 14pt;\">Texto Ampliado: Os usu\u00e1rios t\u00eam a op\u00e7\u00e3o de aumentar o tamanho do texto diretamente nas configura\u00e7\u00f5es do site, permitindo uma leitura mais confort\u00e1vel sem comprometer a formata\u00e7\u00e3o e a estrutura do conte\u00fado.<\/span><\/li>\n<li><span style=\"font-size: 14pt;\">Navega\u00e7\u00e3o por Teclado: O site permite navega\u00e7\u00e3o completa usando apenas o teclado, sem a necessidade de um mouse. Isso \u00e9 particularmente \u00fatil para pessoas com mobilidade reduzida, garantindo que todos os recursos sejam acess\u00edveis por atalhos de teclado.<\/span><\/li>\n<li><span style=\"font-size: 14pt;\">Layouts e Navega\u00e7\u00e3o Simples: O design do site segue princ\u00edpios de simplicidade e clareza, com uma estrutura de navega\u00e7\u00e3o intuitiva e l\u00f3gica. Isso ajuda a garantir que os usu\u00e1rios possam encontrar informa\u00e7\u00f5es facilmente e se movimentar pelo site sem dificuldade.<\/span><\/li>\n<\/ul>\n<p><span style=\"font-size: 14pt;\">Essas ferramentas e recursos refletem o compromisso da revista ABC Imagem com a inclus\u00e3o e acessibilidade digital, proporcionando uma experi\u00eancia de usu\u00e1rio enriquecedora para todos.<\/span><\/p>\n<p>&nbsp;<\/p>\n<p><strong><span style=\"font-size: 14pt;\">COMIT\u00ca DE \u00c9TICA<\/span><\/strong><\/p>\n<p><span style=\"font-size: 14pt;\">Pesquisas envolvendo humanos e animais devem ser aprovados por um comit\u00ea de \u00e9tica apropriado. Para a publica\u00e7\u00e3o, o autor dever\u00e1 anexar a aprova\u00e7\u00e3o de Comit\u00ea de \u00c9tica em Pesquisa. A institui\u00e7\u00e3o, o n\u00famero e a data de aprova\u00e7\u00e3o ser\u00e3o informados ao final do artigo. Consultar as <a href=\"https:\/\/www.abcimaging.org\/pt-br\/normas-de-publicacao\/\">Instru\u00e7\u00f5es aos Autores<\/a>.<\/span><\/p>\n<p>&nbsp;<\/p>\n<p><strong><span style=\"font-size: 14pt;\">CONTIBUI\u00c7\u00c3O DOS AUTORES<\/span><\/strong><\/p>\n<p><span style=\"font-size: 14pt;\">A participa\u00e7\u00e3o de cada autor dever\u00e1 ser declarada e publicada ao final do artigo. Consultar as <a href=\"https:\/\/www.abcimaging.org\/pt-br\/normas-de-publicacao\/\">Instru\u00e7\u00f5es aos Autores<\/a>.<\/span><\/p>\n<p>&nbsp;<\/p>\n<p><strong><span style=\"font-size: 14pt;\">DIREITOS AUTORAIS<\/span><\/strong><\/p>\n<p><span style=\"font-size: 14pt;\">Autores de artigos publicados pela ABC Imagem Cardiovascular mant\u00eam os direitos autorais de seus trabalhos, licenciando-os sob a licen\u00e7a Creative Commons Attribution \u2013 CC BY.<\/span><\/p>\n<p><span style=\"font-size: 14pt;\">Os direitos autorais pertencem exclusivamente aos autores, tendo o peri\u00f3dico o direito de primeira publica\u00e7\u00e3o e de exibir, armazenar, copiar e reutilizar o conte\u00fado.<\/span><\/p>\n<p>&nbsp;<\/p>\n<p><strong><span style=\"font-size: 14pt;\">PROPRIEDADE INTELECTUAL E TERMOS DE USO<\/span><\/strong><\/p>\n<p><span style=\"font-size: 14pt;\">Todo o conte\u00fado da revista e os artigos publicados pela revista ABC Imagem Cardiovascular est\u00e3o licenciados sob a licen\u00e7a Creative Commons Attribution \u2013 CC BY.<\/span><\/p>\n<p><span style=\"font-size: 14pt;\">Autores de artigos publicados pelo peri\u00f3dico mant\u00e9m os direitos autorais de seus trabalhos, licenciando-os sob a licen\u00e7a Creative Commons Attribution (CC-BY), que permite que os artigos sejam reutilizados e distribu\u00eddos sem restri\u00e7\u00e3o, desde que o trabalho original seja corretamente citado.<\/span><\/p>\n<p><span style=\"font-size: 14pt;\">A ABC Imagem Cardiovascular encoraja os Autores a autoarquivar seus manuscritos aceitos, publicando-os em blogs pessoais, reposit\u00f3rios institucionais e m\u00eddias sociais acad\u00eamicas, bem como postando-os em suas m\u00eddias sociais pessoais, desde que seja inclu\u00edda a cita\u00e7\u00e3o completa \u00e0 vers\u00e3o do website da revista.<\/span><\/p>\n","protected":false},"excerpt":{"rendered":"<p>PREPRINTS A ABC Imagem Cardiovascular aceita manuscritos publicados em plataformas preprint, sendo necess\u00e1rio, no ato da submiss\u00e3o, informar o servidor e o link de publica\u00e7\u00e3o do preprint. Caso o autor de um manuscrito que esteja em peer review na ABC Imagem Cardiovascular queira deposit\u00e1-lo em um servidor preprint, deve informar o peri\u00f3dico por meio do e-mail: abcimaging@cardiol.br. Acesse as Instru\u00e7\u00f5es aos Autores para mais detalhes. &nbsp; PROCESSO DE AVALIA\u00c7\u00c3O POR PARES A ABC Imagem Cardiovascular usa o sistema duplo-cego de [&#8230;]<\/p>\n","protected":false},"author":1,"featured_media":0,"parent":0,"menu_order":0,"comment_status":"closed","ping_status":"closed","template":"","meta":{"footnotes":""},"class_list":["post-1513","page","type-page","status-publish","hentry"],"yoast_head":"<!-- This site is optimized with the Yoast SEO plugin v27.2 - https:\/\/yoast.com\/product\/yoast-seo-wordpress\/ -->\n<title>Pol\u00edtica Editorial - ABC Imaging<\/title>\n<meta name=\"robots\" content=\"index, follow, max-snippet:-1, max-image-preview:large, max-video-preview:-1\" \/>\n<link rel=\"canonical\" href=\"https:\/\/www.abcimaging.org\/pt-br\/politica-editorial\/\" \/>\n<meta property=\"og:locale\" content=\"pt_BR\" \/>\n<meta property=\"og:type\" content=\"article\" \/>\n<meta property=\"og:title\" content=\"Pol\u00edtica Editorial - ABC Imaging\" \/>\n<meta property=\"og:description\" content=\"PREPRINTS A ABC Imagem Cardiovascular aceita manuscritos publicados em plataformas preprint, sendo necess\u00e1rio, no ato da submiss\u00e3o, informar o servidor e o link de publica\u00e7\u00e3o do preprint. Caso o autor de um manuscrito que esteja em peer review na ABC Imagem Cardiovascular queira deposit\u00e1-lo em um servidor preprint, deve informar o peri\u00f3dico por meio do e-mail: abcimaging@cardiol.br. Acesse as Instru\u00e7\u00f5es aos Autores para mais detalhes. &nbsp; PROCESSO DE AVALIA\u00c7\u00c3O POR PARES A ABC Imagem Cardiovascular usa o sistema duplo-cego de [...]\" \/>\n<meta property=\"og:url\" content=\"https:\/\/www.abcimaging.org\/pt-br\/politica-editorial\/\" \/>\n<meta property=\"og:site_name\" content=\"ABC Imaging\" \/>\n<meta property=\"article:publisher\" content=\"https:\/\/www.facebook.com\/DICSBC\" \/>\n<meta property=\"article:modified_time\" content=\"2025-05-16T17:12:40+00:00\" \/>\n<meta name=\"twitter:card\" content=\"summary_large_image\" \/>\n<meta name=\"twitter:site\" content=\"@DICSBC\" \/>\n<meta name=\"twitter:label1\" content=\"Est. tempo de leitura\" \/>\n\t<meta name=\"twitter:data1\" content=\"5 minutos\" \/>\n<script type=\"application\/ld+json\" class=\"yoast-schema-graph\">{\"@context\":\"https:\/\/schema.org\",\"@graph\":[{\"@type\":\"WebPage\",\"@id\":\"https:\/\/www.abcimaging.org\/pt-br\/politica-editorial\/\",\"url\":\"https:\/\/www.abcimaging.org\/pt-br\/politica-editorial\/\",\"name\":\"Pol\u00edtica Editorial - ABC Imaging\",\"isPartOf\":{\"@id\":\"https:\/\/www.abcimaging.org\/pt-br\/#website\"},\"datePublished\":\"2019-11-25T17:27:50+00:00\",\"dateModified\":\"2025-05-16T17:12:40+00:00\",\"breadcrumb\":{\"@id\":\"https:\/\/www.abcimaging.org\/pt-br\/politica-editorial\/#breadcrumb\"},\"inLanguage\":\"pt-BR\",\"potentialAction\":[{\"@type\":\"ReadAction\",\"target\":[\"https:\/\/www.abcimaging.org\/pt-br\/politica-editorial\/\"]}]},{\"@type\":\"BreadcrumbList\",\"@id\":\"https:\/\/www.abcimaging.org\/pt-br\/politica-editorial\/#breadcrumb\",\"itemListElement\":[{\"@type\":\"ListItem\",\"position\":1,\"name\":\"Home\",\"item\":\"https:\/\/www.abcimaging.org\/pt-br\/\"},{\"@type\":\"ListItem\",\"position\":2,\"name\":\"Pol\u00edtica Editorial\"}]},{\"@type\":\"WebSite\",\"@id\":\"https:\/\/www.abcimaging.org\/pt-br\/#website\",\"url\":\"https:\/\/www.abcimaging.org\/pt-br\/\",\"name\":\"ABC Imaging\",\"description\":\"Uma publica\u00e7\u00e3o do &lt;a href=&quot;https:\/\/dicsbc.com.br&quot;&gt;Departamento de Imagem Cardiovascular&lt;\/a&gt; da &lt;a href=&quot;https:\/\/www.portal.cardiol.br\/&quot;&gt;Sociedade Brasileira de Cardiologia&lt;\/a&gt;\",\"publisher\":{\"@id\":\"https:\/\/www.abcimaging.org\/pt-br\/#organization\"},\"potentialAction\":[{\"@type\":\"SearchAction\",\"target\":{\"@type\":\"EntryPoint\",\"urlTemplate\":\"https:\/\/www.abcimaging.org\/pt-br\/?s={search_term_string}\"},\"query-input\":{\"@type\":\"PropertyValueSpecification\",\"valueRequired\":true,\"valueName\":\"search_term_string\"}}],\"inLanguage\":\"pt-BR\"},{\"@type\":\"Organization\",\"@id\":\"https:\/\/www.abcimaging.org\/pt-br\/#organization\",\"name\":\"ABC Imagem Cardiovascular\",\"url\":\"https:\/\/www.abcimaging.org\/pt-br\/\",\"logo\":{\"@type\":\"ImageObject\",\"inLanguage\":\"pt-BR\",\"@id\":\"https:\/\/www.abcimaging.org\/pt-br\/#\/schema\/logo\/image\/\",\"url\":\"https:\/\/www.abcimaging.org\/wp-content\/uploads\/2021\/12\/logo-header.jpg\",\"contentUrl\":\"https:\/\/www.abcimaging.org\/wp-content\/uploads\/2021\/12\/logo-header.jpg\",\"width\":940,\"height\":200,\"caption\":\"ABC Imagem Cardiovascular\"},\"image\":{\"@id\":\"https:\/\/www.abcimaging.org\/pt-br\/#\/schema\/logo\/image\/\"},\"sameAs\":[\"https:\/\/www.facebook.com\/DICSBC\",\"https:\/\/x.com\/DICSBC\",\"https:\/\/www.instagram.com\/dicsbc\/\",\"https:\/\/www.youtube.com\/user\/dicsbc\"]}]}<\/script>\n<!-- \/ Yoast SEO plugin. -->","yoast_head_json":{"title":"Pol\u00edtica Editorial - ABC Imaging","robots":{"index":"index","follow":"follow","max-snippet":"max-snippet:-1","max-image-preview":"max-image-preview:large","max-video-preview":"max-video-preview:-1"},"canonical":"https:\/\/www.abcimaging.org\/pt-br\/politica-editorial\/","og_locale":"pt_BR","og_type":"article","og_title":"Pol\u00edtica Editorial - ABC Imaging","og_description":"PREPRINTS A ABC Imagem Cardiovascular aceita manuscritos publicados em plataformas preprint, sendo necess\u00e1rio, no ato da submiss\u00e3o, informar o servidor e o link de publica\u00e7\u00e3o do preprint. Caso o autor de um manuscrito que esteja em peer review na ABC Imagem Cardiovascular queira deposit\u00e1-lo em um servidor preprint, deve informar o peri\u00f3dico por meio do e-mail: abcimaging@cardiol.br. Acesse as Instru\u00e7\u00f5es aos Autores para mais detalhes. &nbsp; PROCESSO DE AVALIA\u00c7\u00c3O POR PARES A ABC Imagem Cardiovascular usa o sistema duplo-cego de [...]","og_url":"https:\/\/www.abcimaging.org\/pt-br\/politica-editorial\/","og_site_name":"ABC Imaging","article_publisher":"https:\/\/www.facebook.com\/DICSBC","article_modified_time":"2025-05-16T17:12:40+00:00","twitter_card":"summary_large_image","twitter_site":"@DICSBC","twitter_misc":{"Est. tempo de leitura":"5 minutos"},"schema":{"@context":"https:\/\/schema.org","@graph":[{"@type":"WebPage","@id":"https:\/\/www.abcimaging.org\/pt-br\/politica-editorial\/","url":"https:\/\/www.abcimaging.org\/pt-br\/politica-editorial\/","name":"Pol\u00edtica Editorial - ABC Imaging","isPartOf":{"@id":"https:\/\/www.abcimaging.org\/pt-br\/#website"},"datePublished":"2019-11-25T17:27:50+00:00","dateModified":"2025-05-16T17:12:40+00:00","breadcrumb":{"@id":"https:\/\/www.abcimaging.org\/pt-br\/politica-editorial\/#breadcrumb"},"inLanguage":"pt-BR","potentialAction":[{"@type":"ReadAction","target":["https:\/\/www.abcimaging.org\/pt-br\/politica-editorial\/"]}]},{"@type":"BreadcrumbList","@id":"https:\/\/www.abcimaging.org\/pt-br\/politica-editorial\/#breadcrumb","itemListElement":[{"@type":"ListItem","position":1,"name":"Home","item":"https:\/\/www.abcimaging.org\/pt-br\/"},{"@type":"ListItem","position":2,"name":"Pol\u00edtica Editorial"}]},{"@type":"WebSite","@id":"https:\/\/www.abcimaging.org\/pt-br\/#website","url":"https:\/\/www.abcimaging.org\/pt-br\/","name":"ABC Imaging","description":"Uma publica\u00e7\u00e3o do &lt;a href=&quot;https:\/\/dicsbc.com.br&quot;&gt;Departamento de Imagem Cardiovascular&lt;\/a&gt; da &lt;a href=&quot;https:\/\/www.portal.cardiol.br\/&quot;&gt;Sociedade Brasileira de Cardiologia&lt;\/a&gt;","publisher":{"@id":"https:\/\/www.abcimaging.org\/pt-br\/#organization"},"potentialAction":[{"@type":"SearchAction","target":{"@type":"EntryPoint","urlTemplate":"https:\/\/www.abcimaging.org\/pt-br\/?s={search_term_string}"},"query-input":{"@type":"PropertyValueSpecification","valueRequired":true,"valueName":"search_term_string"}}],"inLanguage":"pt-BR"},{"@type":"Organization","@id":"https:\/\/www.abcimaging.org\/pt-br\/#organization","name":"ABC Imagem Cardiovascular","url":"https:\/\/www.abcimaging.org\/pt-br\/","logo":{"@type":"ImageObject","inLanguage":"pt-BR","@id":"https:\/\/www.abcimaging.org\/pt-br\/#\/schema\/logo\/image\/","url":"https:\/\/www.abcimaging.org\/wp-content\/uploads\/2021\/12\/logo-header.jpg","contentUrl":"https:\/\/www.abcimaging.org\/wp-content\/uploads\/2021\/12\/logo-header.jpg","width":940,"height":200,"caption":"ABC Imagem Cardiovascular"},"image":{"@id":"https:\/\/www.abcimaging.org\/pt-br\/#\/schema\/logo\/image\/"},"sameAs":["https:\/\/www.facebook.com\/DICSBC","https:\/\/x.com\/DICSBC","https:\/\/www.instagram.com\/dicsbc\/","https:\/\/www.youtube.com\/user\/dicsbc"]}]}},"_links":{"self":[{"href":"https:\/\/www.abcimaging.org\/pt-br\/wp-json\/wp\/v2\/pages\/1513","targetHints":{"allow":["GET"]}}],"collection":[{"href":"https:\/\/www.abcimaging.org\/pt-br\/wp-json\/wp\/v2\/pages"}],"about":[{"href":"https:\/\/www.abcimaging.org\/pt-br\/wp-json\/wp\/v2\/types\/page"}],"author":[{"embeddable":true,"href":"https:\/\/www.abcimaging.org\/pt-br\/wp-json\/wp\/v2\/users\/1"}],"replies":[{"embeddable":true,"href":"https:\/\/www.abcimaging.org\/pt-br\/wp-json\/wp\/v2\/comments?post=1513"}],"version-history":[{"count":23,"href":"https:\/\/www.abcimaging.org\/pt-br\/wp-json\/wp\/v2\/pages\/1513\/revisions"}],"predecessor-version":[{"id":6096,"href":"https:\/\/www.abcimaging.org\/pt-br\/wp-json\/wp\/v2\/pages\/1513\/revisions\/6096"}],"wp:attachment":[{"href":"https:\/\/www.abcimaging.org\/pt-br\/wp-json\/wp\/v2\/media?parent=1513"}],"curies":[{"name":"wp","href":"https:\/\/api.w.org\/{rel}","templated":true}]}}