{"id":1442,"date":"2019-11-06T10:22:07","date_gmt":"2019-11-06T12:22:07","guid":{"rendered":"http:\/\/localhost\/wp-sbc\/?page_id=1442"},"modified":"2021-12-03T17:17:17","modified_gmt":"2021-12-03T20:17:17","slug":"pagina-inicial","status":"publish","type":"page","link":"https:\/\/www.abcimaging.org\/pt-br\/","title":{"rendered":"P\u00e1gina Inicial"},"content":{"rendered":"","protected":false},"excerpt":{"rendered":"","protected":false},"author":1,"featured_media":0,"parent":0,"menu_order":0,"comment_status":"closed","ping_status":"closed","template":"","meta":{"footnotes":""},"class_list":["post-1442","page","type-page","status-publish","hentry"],"yoast_head":"<!-- This site is optimized with the Yoast SEO plugin v27.2 - https:\/\/yoast.com\/product\/yoast-seo-wordpress\/ -->\n<title>P\u00e1gina Inicial - ABC Imaging<\/title>\n<meta name=\"description\" content=\"Uma publica\u00e7\u00e3o do Departamento de Imagem Cardiovascular da Sociedade Brasileira de Cardiologia\" \/>\n<meta name=\"robots\" content=\"index, follow, max-snippet:-1, max-image-preview:large, max-video-preview:-1\" \/>\n<link rel=\"canonical\" href=\"https:\/\/www.abcimaging.org\/pt-br\/\" \/>\n<meta property=\"og:locale\" content=\"pt_BR\" \/>\n<meta property=\"og:type\" content=\"article\" \/>\n<meta property=\"og:title\" content=\"P\u00e1gina Inicial - ABC Imaging\" \/>\n<meta property=\"og:description\" content=\"Uma publica\u00e7\u00e3o do Departamento de Imagem Cardiovascular da Sociedade Brasileira de Cardiologia\" \/>\n<meta property=\"og:url\" content=\"https:\/\/www.abcimaging.org\/pt-br\/\" \/>\n<meta property=\"og:site_name\" content=\"ABC Imaging\" \/>\n<meta property=\"article:publisher\" content=\"https:\/\/www.facebook.com\/DICSBC\" \/>\n<meta property=\"article:modified_time\" content=\"2021-12-03T20:17:17+00:00\" \/>\n<meta name=\"twitter:card\" content=\"summary_large_image\" \/>\n<meta name=\"twitter:site\" content=\"@DICSBC\" \/>\n<script type=\"application\/ld+json\" class=\"yoast-schema-graph\">{\"@context\":\"https:\/\/schema.org\",\"@graph\":[{\"@type\":\"WebPage\",\"@id\":\"https:\/\/www.abcimaging.org\/pt-br\/\",\"url\":\"https:\/\/www.abcimaging.org\/pt-br\/\",\"name\":\"P\u00e1gina Inicial - ABC Imaging\",\"isPartOf\":{\"@id\":\"https:\/\/www.abcimaging.org\/pt-br\/#website\"},\"datePublished\":\"2019-11-06T12:22:07+00:00\",\"dateModified\":\"2021-12-03T20:17:17+00:00\",\"description\":\"Uma publica\u00e7\u00e3o do Departamento de Imagem Cardiovascular da Sociedade Brasileira de Cardiologia\",\"breadcrumb\":{\"@id\":\"https:\/\/www.abcimaging.org\/pt-br\/#breadcrumb\"},\"inLanguage\":\"pt-BR\",\"potentialAction\":[{\"@type\":\"ReadAction\",\"target\":[\"https:\/\/www.abcimaging.org\/pt-br\/\"]}]},{\"@type\":\"BreadcrumbList\",\"@id\":\"https:\/\/www.abcimaging.org\/pt-br\/#breadcrumb\",\"itemListElement\":[{\"@type\":\"ListItem\",\"position\":1,\"name\":\"Home\",\"item\":\"https:\/\/www.abcimaging.org\/pt-br\/\"},{\"@type\":\"ListItem\",\"position\":2,\"name\":\"P\u00e1gina Inicial\"}]},{\"@type\":\"WebSite\",\"@id\":\"https:\/\/www.abcimaging.org\/pt-br\/#website\",\"url\":\"https:\/\/www.abcimaging.org\/pt-br\/\",\"name\":\"ABC Imaging\",\"description\":\"Uma publica\u00e7\u00e3o do &lt;a href=&quot;https:\/\/dicsbc.com.br&quot;&gt;Departamento de Imagem Cardiovascular&lt;\/a&gt; da &lt;a href=&quot;https:\/\/www.portal.cardiol.br\/&quot;&gt;Sociedade Brasileira de Cardiologia&lt;\/a&gt;\",\"publisher\":{\"@id\":\"https:\/\/www.abcimaging.org\/pt-br\/#organization\"},\"potentialAction\":[{\"@type\":\"SearchAction\",\"target\":{\"@type\":\"EntryPoint\",\"urlTemplate\":\"https:\/\/www.abcimaging.org\/pt-br\/?s={search_term_string}\"},\"query-input\":{\"@type\":\"PropertyValueSpecification\",\"valueRequired\":true,\"valueName\":\"search_term_string\"}}],\"inLanguage\":\"pt-BR\"},{\"@type\":\"Organization\",\"@id\":\"https:\/\/www.abcimaging.org\/pt-br\/#organization\",\"name\":\"ABC Imagem Cardiovascular\",\"url\":\"https:\/\/www.abcimaging.org\/pt-br\/\",\"logo\":{\"@type\":\"ImageObject\",\"inLanguage\":\"pt-BR\",\"@id\":\"https:\/\/www.abcimaging.org\/pt-br\/#\/schema\/logo\/image\/\",\"url\":\"https:\/\/www.abcimaging.org\/wp-content\/uploads\/2021\/12\/logo-header.jpg\",\"contentUrl\":\"https:\/\/www.abcimaging.org\/wp-content\/uploads\/2021\/12\/logo-header.jpg\",\"width\":940,\"height\":200,\"caption\":\"ABC Imagem Cardiovascular\"},\"image\":{\"@id\":\"https:\/\/www.abcimaging.org\/pt-br\/#\/schema\/logo\/image\/\"},\"sameAs\":[\"https:\/\/www.facebook.com\/DICSBC\",\"https:\/\/x.com\/DICSBC\",\"https:\/\/www.instagram.com\/dicsbc\/\",\"https:\/\/www.youtube.com\/user\/dicsbc\"]}]}<\/script>\n<!-- \/ Yoast SEO plugin. -->","yoast_head_json":{"title":"P\u00e1gina Inicial - ABC Imaging","description":"Uma publica\u00e7\u00e3o do Departamento de Imagem Cardiovascular da Sociedade Brasileira de Cardiologia","robots":{"index":"index","follow":"follow","max-snippet":"max-snippet:-1","max-image-preview":"max-image-preview:large","max-video-preview":"max-video-preview:-1"},"canonical":"https:\/\/www.abcimaging.org\/pt-br\/","og_locale":"pt_BR","og_type":"article","og_title":"P\u00e1gina Inicial - ABC Imaging","og_description":"Uma publica\u00e7\u00e3o do Departamento de Imagem Cardiovascular da Sociedade Brasileira de Cardiologia","og_url":"https:\/\/www.abcimaging.org\/pt-br\/","og_site_name":"ABC Imaging","article_publisher":"https:\/\/www.facebook.com\/DICSBC","article_modified_time":"2021-12-03T20:17:17+00:00","twitter_card":"summary_large_image","twitter_site":"@DICSBC","schema":{"@context":"https:\/\/schema.org","@graph":[{"@type":"WebPage","@id":"https:\/\/www.abcimaging.org\/pt-br\/","url":"https:\/\/www.abcimaging.org\/pt-br\/","name":"P\u00e1gina Inicial - ABC Imaging","isPartOf":{"@id":"https:\/\/www.abcimaging.org\/pt-br\/#website"},"datePublished":"2019-11-06T12:22:07+00:00","dateModified":"2021-12-03T20:17:17+00:00","description":"Uma publica\u00e7\u00e3o do Departamento de Imagem Cardiovascular da Sociedade Brasileira de Cardiologia","breadcrumb":{"@id":"https:\/\/www.abcimaging.org\/pt-br\/#breadcrumb"},"inLanguage":"pt-BR","potentialAction":[{"@type":"ReadAction","target":["https:\/\/www.abcimaging.org\/pt-br\/"]}]},{"@type":"BreadcrumbList","@id":"https:\/\/www.abcimaging.org\/pt-br\/#breadcrumb","itemListElement":[{"@type":"ListItem","position":1,"name":"Home","item":"https:\/\/www.abcimaging.org\/pt-br\/"},{"@type":"ListItem","position":2,"name":"P\u00e1gina Inicial"}]},{"@type":"WebSite","@id":"https:\/\/www.abcimaging.org\/pt-br\/#website","url":"https:\/\/www.abcimaging.org\/pt-br\/","name":"ABC Imaging","description":"Uma publica\u00e7\u00e3o do &lt;a href=&quot;https:\/\/dicsbc.com.br&quot;&gt;Departamento de Imagem Cardiovascular&lt;\/a&gt; da &lt;a href=&quot;https:\/\/www.portal.cardiol.br\/&quot;&gt;Sociedade Brasileira de Cardiologia&lt;\/a&gt;","publisher":{"@id":"https:\/\/www.abcimaging.org\/pt-br\/#organization"},"potentialAction":[{"@type":"SearchAction","target":{"@type":"EntryPoint","urlTemplate":"https:\/\/www.abcimaging.org\/pt-br\/?s={search_term_string}"},"query-input":{"@type":"PropertyValueSpecification","valueRequired":true,"valueName":"search_term_string"}}],"inLanguage":"pt-BR"},{"@type":"Organization","@id":"https:\/\/www.abcimaging.org\/pt-br\/#organization","name":"ABC Imagem Cardiovascular","url":"https:\/\/www.abcimaging.org\/pt-br\/","logo":{"@type":"ImageObject","inLanguage":"pt-BR","@id":"https:\/\/www.abcimaging.org\/pt-br\/#\/schema\/logo\/image\/","url":"https:\/\/www.abcimaging.org\/wp-content\/uploads\/2021\/12\/logo-header.jpg","contentUrl":"https:\/\/www.abcimaging.org\/wp-content\/uploads\/2021\/12\/logo-header.jpg","width":940,"height":200,"caption":"ABC Imagem Cardiovascular"},"image":{"@id":"https:\/\/www.abcimaging.org\/pt-br\/#\/schema\/logo\/image\/"},"sameAs":["https:\/\/www.facebook.com\/DICSBC","https:\/\/x.com\/DICSBC","https:\/\/www.instagram.com\/dicsbc\/","https:\/\/www.youtube.com\/user\/dicsbc"]}]}},"_links":{"self":[{"href":"https:\/\/www.abcimaging.org\/pt-br\/wp-json\/wp\/v2\/pages\/1442","targetHints":{"allow":["GET"]}}],"collection":[{"href":"https:\/\/www.abcimaging.org\/pt-br\/wp-json\/wp\/v2\/pages"}],"about":[{"href":"https:\/\/www.abcimaging.org\/pt-br\/wp-json\/wp\/v2\/types\/page"}],"author":[{"embeddable":true,"href":"https:\/\/www.abcimaging.org\/pt-br\/wp-json\/wp\/v2\/users\/1"}],"replies":[{"embeddable":true,"href":"https:\/\/www.abcimaging.org\/pt-br\/wp-json\/wp\/v2\/comments?post=1442"}],"version-history":[{"count":1,"href":"https:\/\/www.abcimaging.org\/pt-br\/wp-json\/wp\/v2\/pages\/1442\/revisions"}],"predecessor-version":[{"id":1443,"href":"https:\/\/www.abcimaging.org\/pt-br\/wp-json\/wp\/v2\/pages\/1442\/revisions\/1443"}],"wp:attachment":[{"href":"https:\/\/www.abcimaging.org\/pt-br\/wp-json\/wp\/v2\/media?parent=1442"}],"curies":[{"name":"wp","href":"https:\/\/api.w.org\/{rel}","templated":true}]}}